{"id":3557,"date":"2022-04-11T17:32:37","date_gmt":"2022-04-11T15:32:37","guid":{"rendered":"https:\/\/pmk.razvija.se\/?page_id=3557"},"modified":"2022-05-11T14:48:11","modified_gmt":"2022-05-11T12:48:11","slug":"pizzi-e-merletti-al-museo","status":"publish","type":"page","link":"https:\/\/zbirke.pokrajinskimuzejkoper.si\/it\/pizzi-e-merletti-al-museo\/","title":{"rendered":"Pizzi e merletti al museo"},"content":{"rendered":"<p>Se fino agli inizi dell\u2019Ottocento il concetto di costume tradizionale (<em>no\u0161a<\/em> in sloveno) denotava tutto ci\u00f2 che veniva normalmente indossato, all\u2019incirca a met\u00e0 secolo inizi\u00f2 piuttosto ad essere identificato con l\u2019abbigliamento contadino e cos\u00ec \u00e8 tuttora, non essendo mai usato in relazione al modo di vestire della classe operaia, della borghesia e della nobilt\u00e0 di un tempo \u2013 tant\u2019\u00e8 che in etnologia si preferisce ormai l\u2019espressione \u201ctipologia vestimentaria\u201d, compatibile con ogni ceto e condizione sociale. A livello generale si distinguono vestiti di uso quotidiano e da lavoro, vestiti delle feste e delle grandi occasioni, che differiscono tra loro per luogo e anno di realizzazione, finalit\u00e0 d\u2019uso nonch\u00e9 genere ed et\u00e0 di chi li indossa, pur essendo tutti accomunati dal fatto di aver lasciato un segno nella cultura dell\u2019abbigliamento.<\/p>\n<p>Nell\u2019Istria slovena di fine Ottocento le persone di campagna e di citt\u00e0 erano ancora distinguibili le une dalle altre in base al modo di vestire: da un lato, infatti, vi era il costume tradizionale della popolazione in prevalenza contadina che abitava nei paesini dell\u2019entroterra e dall\u2019altro il vestiario di citt\u00e0, che poteva risultare anche molto vario a seconda dell\u2019estrazione sociale e della professione del singolo.<\/p>\n<p>La collezione tessile del Museo regionale di Capodistria consta di una serie di capi di abbigliamento e accessori ai quali si affiancano prodotti tessili che esulano dall\u2019ambito vestimentario, tra cui <strong>pizzi<\/strong> e <strong>ricami<\/strong> da sempre impiegati per abbellire e impreziosire le stoffe.<\/p>\n<figure id=\"attachment_3308\" aria-describedby=\"caption-attachment-3308\" style=\"width: 640px\" class=\"wp-caption alignleft\"><img loading=\"lazy\" class=\"wp-image-3308 size-large\" src=\"https:\/\/zbirke.pokrajinskimuzejkoper.si\/wp-content\/uploads\/2022\/03\/simontomazic.com__TC_3633-800x400.jpg\" alt=\"\" width=\"640\" height=\"320\" \/><figcaption id=\"caption-attachment-3308\" class=\"wp-caption-text\">Ricostruzione del costume popolare e borghese a cavallo tra XIX e XX secolo<\/figcaption><\/figure>\n","protected":false},"excerpt":{"rendered":"<p>Se fino agli inizi dell\u2019Ottocento il concetto di costume tradizionale (no\u0161a in sloveno) denotava tutto ci\u00f2 che veniva normalmente indossato, all\u2019incirca a met\u00e0 secolo inizi\u00f2 piuttosto ad essere identificato con l\u2019abbigliamento contadino e cos\u00ec \u00e8 tuttora, non essendo mai usato in relazione al modo di vestire della classe operaia, della borghesia e della nobilt\u00e0 di<\/p>\n","protected":false},"author":2,"featured_media":3308,"parent":0,"menu_order":0,"comment_status":"closed","ping_status":"closed","template":"","meta":{"inline_featured_image":false},"_links":{"self":[{"href":"https:\/\/zbirke.pokrajinskimuzejkoper.si\/it\/wp-json\/wp\/v2\/pages\/3557"}],"collection":[{"href":"https:\/\/zbirke.pokrajinskimuzejkoper.si\/it\/wp-json\/wp\/v2\/pages"}],"about":[{"href":"https:\/\/zbirke.pokrajinskimuzejkoper.si\/it\/wp-json\/wp\/v2\/types\/page"}],"author":[{"embeddable":true,"href":"https:\/\/zbirke.pokrajinskimuzejkoper.si\/it\/wp-json\/wp\/v2\/users\/2"}],"replies":[{"embeddable":true,"href":"https:\/\/zbirke.pokrajinskimuzejkoper.si\/it\/wp-json\/wp\/v2\/comments?post=3557"}],"version-history":[{"count":2,"href":"https:\/\/zbirke.pokrajinskimuzejkoper.si\/it\/wp-json\/wp\/v2\/pages\/3557\/revisions"}],"predecessor-version":[{"id":3841,"href":"https:\/\/zbirke.pokrajinskimuzejkoper.si\/it\/wp-json\/wp\/v2\/pages\/3557\/revisions\/3841"}],"wp:featuredmedia":[{"embeddable":true,"href":"https:\/\/zbirke.pokrajinskimuzejkoper.si\/it\/wp-json\/wp\/v2\/media\/3308"}],"wp:attachment":[{"href":"https:\/\/zbirke.pokrajinskimuzejkoper.si\/it\/wp-json\/wp\/v2\/media?parent=3557"}],"curies":[{"name":"wp","href":"https:\/\/api.w.org\/{rel}","templated":true}]}}